{"id":1310,"date":"2025-06-10T14:01:42","date_gmt":"2025-06-10T12:01:42","guid":{"rendered":"https:\/\/relaunch.parkhotel-oberhausen.de\/restaurants\/restaurant-zur-bockmuehle\/"},"modified":"2026-03-27T09:24:22","modified_gmt":"2026-03-27T08:24:22","slug":"restaurant-zur-bockmuehle","status":"publish","type":"page","link":"https:\/\/parkhotel-oberhausen.de\/en\/restaurants\/restaurant-zur-bockmuehle\/","title":{"rendered":"Restaurant zur Bockm\u00fchle"},"content":{"rendered":"\t\t<div data-elementor-type=\"wp-page\" data-elementor-id=\"1310\" class=\"elementor elementor-1310 elementor-73\" data-elementor-post-type=\"page\">\n\t\t\t\t<div class=\"elementor-element elementor-element-3e5cf1a e-con-full e-flex e-con e-parent\" data-id=\"3e5cf1a\" data-element_type=\"container\" data-e-type=\"container\" data-settings=\"{&quot;background_background&quot;:&quot;classic&quot;}\">\n\t\t\t\t<div class=\"elementor-element elementor-element-d66d196 elementor-invisible elementor-widget elementor-widget-heading\" data-id=\"d66d196\" data-element_type=\"widget\" data-e-type=\"widget\" data-settings=\"{&quot;_animation&quot;:&quot;fadeInUp&quot;,&quot;_animation_delay&quot;:200}\" data-widget_type=\"heading.default\">\n\t\t\t\t\t<h1 class=\"elementor-heading-title elementor-size-default\">Restaurant Zur Bockm\u00fchle!<\/h1>\t\t\t\t<\/div>\n\t\t\t\t<div class=\"elementor-element elementor-element-88fff0c elementor-invisible elementor-widget elementor-widget-heading\" data-id=\"88fff0c\" data-element_type=\"widget\" data-e-type=\"widget\" data-settings=\"{&quot;_animation&quot;:&quot;fadeInUp&quot;,&quot;_animation_delay&quot;:400}\" data-widget_type=\"heading.default\">\n\t\t\t\t\t<h2 class=\"elementor-heading-title elementor-size-default\">Welcome to our company<\/h2>\t\t\t\t<\/div>\n\t\t\t\t<\/div>\n\t\t<div class=\"elementor-element elementor-element-fad0486 e-flex e-con-boxed e-con e-parent\" data-id=\"fad0486\" data-element_type=\"container\" data-e-type=\"container\">\n\t\t\t\t\t<div class=\"e-con-inner\">\n\t\t<div class=\"elementor-element elementor-element-16b151a e-con-full e-flex e-con e-child\" data-id=\"16b151a\" data-element_type=\"container\" data-e-type=\"container\">\n\t\t\t\t<div class=\"elementor-element elementor-element-01a66c3 elementor-widget elementor-widget-heading\" data-id=\"01a66c3\" data-element_type=\"widget\" data-e-type=\"widget\" data-widget_type=\"heading.default\">\n\t\t\t\t\t<h2 class=\"elementor-heading-title elementor-size-default\">Delicious<\/h2>\t\t\t\t<\/div>\n\t\t\t\t<div class=\"elementor-element elementor-element-a671429 elementor-widget elementor-widget-text-editor\" data-id=\"a671429\" data-element_type=\"widget\" data-e-type=\"widget\" data-widget_type=\"text-editor.default\">\n\t\t\t\t\t\t\t\t\t<p>Our restaurant \u201cZur Bockm\u00fchle\u201d offers creative, fresh cuisine, with an extensive wine selection. We present a selection of contemporary seasonal delicacies. The banquet facilities invite up to 100 people. <\/p>\t\t\t\t\t\t\t\t<\/div>\n\t\t\t\t<\/div>\n\t\t<div class=\"elementor-element elementor-element-14cb5d4 e-con-full e-flex e-con e-child\" data-id=\"14cb5d4\" data-element_type=\"container\" data-e-type=\"container\">\n\t\t\t\t<div class=\"elementor-element elementor-element-e01c36f elementor-align-justify elementor-widget__width-initial elementor-widget elementor-widget-button\" data-id=\"e01c36f\" data-element_type=\"widget\" data-e-type=\"widget\" data-widget_type=\"button.default\">\n\t\t\t\t\t\t\t\t\t\t<a class=\"elementor-button elementor-button-link elementor-size-sm\" href=\"https:\/\/parkhotel-oberhausen.de\/wp-content\/uploads\/Restaurant-Speisekarte-eng.-ab-24.02.2026.pdf\" target=\"_blank\">\n\t\t\t\t\t\t<span class=\"elementor-button-content-wrapper\">\n\t\t\t\t\t\t<span class=\"elementor-button-icon\">\n\t\t\t\t<i aria-hidden=\"true\" class=\"huge huge-arrow-right-02-round\"><\/i>\t\t\t<\/span>\n\t\t\t\t\t\t\t\t\t<span class=\"elementor-button-text\">Current menucard<\/span>\n\t\t\t\t\t<\/span>\n\t\t\t\t\t<\/a>\n\t\t\t\t\t\t\t\t<\/div>\n\t\t\t\t<div class=\"elementor-element elementor-element-305e629 elementor-align-justify elementor-widget__width-initial elementor-widget elementor-widget-button\" data-id=\"305e629\" data-element_type=\"widget\" data-e-type=\"widget\" data-widget_type=\"button.default\">\n\t\t\t\t\t\t\t\t\t\t<a class=\"elementor-button elementor-button-link elementor-size-sm\" href=\"https:\/\/parkhotel-oberhausen.de\/wp-content\/uploads\/Spargel-2026-englisch.pdf\" target=\"_blank\">\n\t\t\t\t\t\t<span class=\"elementor-button-content-wrapper\">\n\t\t\t\t\t\t<span class=\"elementor-button-icon\">\n\t\t\t\t<i aria-hidden=\"true\" class=\"huge huge-arrow-right-02-round\"><\/i>\t\t\t<\/span>\n\t\t\t\t\t\t\t\t\t<span class=\"elementor-button-text\">asparagus menu 2026<\/span>\n\t\t\t\t\t<\/span>\n\t\t\t\t\t<\/a>\n\t\t\t\t\t\t\t\t<\/div>\n\t\t\t\t<div class=\"elementor-element elementor-element-bfd3d66 elementor-align-justify elementor-widget__width-initial elementor-widget elementor-widget-button\" data-id=\"bfd3d66\" data-element_type=\"widget\" data-e-type=\"widget\" data-widget_type=\"button.default\">\n\t\t\t\t\t\t\t\t\t\t<a class=\"elementor-button elementor-button-link elementor-size-sm\" href=\"https:\/\/parkhotel-oberhausen.de\/wp-content\/uploads\/Menue-und-Bueffetmappe-ab-Januar-2024.pdf\" target=\"_blank\">\n\t\t\t\t\t\t<span class=\"elementor-button-content-wrapper\">\n\t\t\t\t\t\t<span class=\"elementor-button-icon\">\n\t\t\t\t<i aria-hidden=\"true\" class=\"huge huge-arrow-right-02-round\"><\/i>\t\t\t<\/span>\n\t\t\t\t\t\t\t\t\t<span class=\"elementor-button-text\">Menus &amp; Buffets<\/span>\n\t\t\t\t\t<\/span>\n\t\t\t\t\t<\/a>\n\t\t\t\t\t\t\t\t<\/div>\n\t\t\t\t<\/div>\n\t\t\t\t\t<\/div>\n\t\t\t\t<\/div>\n\t\t<div class=\"elementor-element elementor-element-fc9d540 e-con-full e-flex e-con e-parent\" data-id=\"fc9d540\" data-element_type=\"container\" data-e-type=\"container\">\n\t\t\t\t<div class=\"elementor-element elementor-element-d0ee68d elementor-arrows-position-inside elementor-widget elementor-widget-image-carousel\" data-id=\"d0ee68d\" data-element_type=\"widget\" data-e-type=\"widget\" data-settings=\"{&quot;slides_to_show&quot;:&quot;3&quot;,&quot;slides_to_show_mobile&quot;:&quot;1&quot;,&quot;slides_to_scroll&quot;:&quot;1&quot;,&quot;navigation&quot;:&quot;arrows&quot;,&quot;infinite&quot;:&quot;yes&quot;,&quot;speed&quot;:500}\" data-widget_type=\"image-carousel.default\">\n\t\t\t\t\t\t\t<div class=\"elementor-image-carousel-wrapper swiper\" role=\"region\" aria-roledescription=\"carousel\" aria-label=\"Bild Karussell\" dir=\"ltr\">\n\t\t\t<div class=\"elementor-image-carousel swiper-wrapper swiper-image-stretch\" aria-live=\"polite\">\n\t\t\t\t\t\t\t\t<div class=\"swiper-slide\" role=\"group\" aria-roledescription=\"slide\" aria-label=\"1 of 7\"><figure class=\"swiper-slide-inner\"><img decoding=\"async\" class=\"swiper-slide-image\" src=\"https:\/\/parkhotel-oberhausen.de\/wp-content\/uploads\/parkhotel-oberhausen-gastronomie-02-1024x347.webp\" alt=\"Restaurant\" \/><\/figure><\/div><div class=\"swiper-slide\" role=\"group\" aria-roledescription=\"slide\" aria-label=\"2 of 7\"><figure class=\"swiper-slide-inner\"><img decoding=\"async\" class=\"swiper-slide-image\" src=\"https:\/\/parkhotel-oberhausen.de\/wp-content\/uploads\/parkhotel-oberhausen-restaurant-bockmuehle-01-1024x684.jpg\" alt=\"Restaurant\" \/><\/figure><\/div><div class=\"swiper-slide\" role=\"group\" aria-roledescription=\"slide\" aria-label=\"3 of 7\"><figure class=\"swiper-slide-inner\"><img decoding=\"async\" class=\"swiper-slide-image\" src=\"https:\/\/parkhotel-oberhausen.de\/wp-content\/uploads\/parkhotel-oberhausen-restaurant-bockmuehle-02-1024x683.jpg\" alt=\"Hotelfoto Parkhotel Oberhausen 0719 \u00a9 Foto Dirk Holst DH STUDIO K\u00d6LN, H a u p t s t r.  2 3 9,  5 1 1 4 3  K \u00f6 l n, V e r \u00f6 f f e n t l i c h u n g  n u r  m i t  H o n o r a r   n a c h   M F  M o d e r B V P A,  m i t  N a m e n s n e n n u n g   u n d  B e  l e g e x em p l a r,  B a n k v e r b i n d u n g,  K r e i s s p a r k a s s e  K o e l n,  B L Z  3 7 0  5 0 2  9 9,  K o n t o  9 6 1 4 0\" \/><\/figure><\/div><div class=\"swiper-slide\" role=\"group\" aria-roledescription=\"slide\" aria-label=\"4 of 7\"><figure class=\"swiper-slide-inner\"><img decoding=\"async\" class=\"swiper-slide-image\" src=\"https:\/\/parkhotel-oberhausen.de\/wp-content\/uploads\/parkhotel-oberhausen-restaurant-bockmuehle-03-1024x576.jpg\" alt=\"Restaurant im Parkhotel Oberhausen vorderer Teil mit Sicht auf die Hotelhalle durch die gl\u00e4sernde Eingangst\u00fcr. Links stehen eingedeckte Tische in geige wei\u00df mit Blumen.\" \/><\/figure><\/div><div class=\"swiper-slide\" role=\"group\" aria-roledescription=\"slide\" aria-label=\"5 of 7\"><figure class=\"swiper-slide-inner\"><img decoding=\"async\" class=\"swiper-slide-image\" src=\"https:\/\/parkhotel-oberhausen.de\/wp-content\/uploads\/parkhotel-oberhausen-dinnertime-684x1024.jpg\" alt=\"Dinnertime\" \/><\/figure><\/div><div class=\"swiper-slide\" role=\"group\" aria-roledescription=\"slide\" aria-label=\"6 of 7\"><figure class=\"swiper-slide-inner\"><img decoding=\"async\" class=\"swiper-slide-image\" src=\"https:\/\/parkhotel-oberhausen.de\/wp-content\/uploads\/parkhotel-oberhausen-restaurant-bockmuehle-04.jpg\" alt=\"parkhotel-oberhausen-restaurant-bockmuehle-04\" \/><\/figure><\/div><div class=\"swiper-slide\" role=\"group\" aria-roledescription=\"slide\" aria-label=\"7 of 7\"><figure class=\"swiper-slide-inner\"><img decoding=\"async\" class=\"swiper-slide-image\" src=\"https:\/\/parkhotel-oberhausen.de\/wp-content\/uploads\/parkhotel-oberhausen-restaurant-bockmuehle-05-1024x484.jpg\" alt=\"parkhotel-oberhausen-restaurant-bockmuehle-05\" \/><\/figure><\/div>\t\t\t<\/div>\n\t\t\t\t\t\t\t\t\t\t\t\t<div class=\"elementor-swiper-button elementor-swiper-button-prev\" role=\"button\" tabindex=\"0\">\n\t\t\t\t\t\t<i aria-hidden=\"true\" class=\"huge huge-arrow-left-02-round\"><\/i>\t\t\t\t\t<\/div>\n\t\t\t\t\t<div class=\"elementor-swiper-button elementor-swiper-button-next\" role=\"button\" tabindex=\"0\">\n\t\t\t\t\t\t<i aria-hidden=\"true\" class=\"huge huge-arrow-right-02-round\"><\/i>\t\t\t\t\t<\/div>\n\t\t\t\t\n\t\t\t\t\t\t\t\t\t<\/div>\n\t\t\t\t\t\t<\/div>\n\t\t\t\t<\/div>\n\t\t<div class=\"elementor-element elementor-element-c60667c e-flex e-con-boxed e-con e-parent\" data-id=\"c60667c\" data-element_type=\"container\" data-e-type=\"container\">\n\t\t\t\t\t<div class=\"e-con-inner\">\n\t\t<div class=\"elementor-element elementor-element-b8d9c42 e-con-full e-flex e-con e-child\" data-id=\"b8d9c42\" data-element_type=\"container\" data-e-type=\"container\">\n\t\t\t\t<div class=\"elementor-element elementor-element-2b341ea elementor-widget elementor-widget-heading\" data-id=\"2b341ea\" data-element_type=\"widget\" data-e-type=\"widget\" data-widget_type=\"heading.default\">\n\t\t\t\t\t<h2 class=\"elementor-heading-title elementor-size-default\">Opening times<\/h2>\t\t\t\t<\/div>\n\t\t\t\t<div class=\"elementor-element elementor-element-baf2fd1 elementor-position-inline-start elementor-mobile-position-inline-start elementor-view-default elementor-widget elementor-widget-icon-box\" data-id=\"baf2fd1\" data-element_type=\"widget\" data-e-type=\"widget\" data-widget_type=\"icon-box.default\">\n\t\t\t\t\t\t\t<div class=\"elementor-icon-box-wrapper\">\n\n\t\t\t\t\t\t<div class=\"elementor-icon-box-icon\">\n\t\t\t\t<span  class=\"elementor-icon\">\n\t\t\t\t<i aria-hidden=\"true\" class=\"huge huge-clock-01\"><\/i>\t\t\t\t<\/span>\n\t\t\t<\/div>\n\t\t\t\n\t\t\t\t\t\t<div class=\"elementor-icon-box-content\">\n\n\t\t\t\t\t\t\t\t\t<span class=\"elementor-icon-box-title\">\n\t\t\t\t\t\t<span  >\n\t\t\t\t\t\t\tMonday - saturday\t\t\t\t\t\t<\/span>\n\t\t\t\t\t<\/span>\n\t\t\t\t\n\t\t\t\t\t\t\t\t\t<p class=\"elementor-icon-box-description\">\n\t\t\t\t\t\t6.00 pm - 10.00 pm\t\t\t\t\t<\/p>\n\t\t\t\t\n\t\t\t<\/div>\n\t\t\t\n\t\t<\/div>\n\t\t\t\t\t\t<\/div>\n\t\t\t\t<div class=\"elementor-element elementor-element-a9d848e elementor-position-inline-start elementor-mobile-position-inline-start elementor-view-default elementor-widget elementor-widget-icon-box\" data-id=\"a9d848e\" data-element_type=\"widget\" data-e-type=\"widget\" data-widget_type=\"icon-box.default\">\n\t\t\t\t\t\t\t<div class=\"elementor-icon-box-wrapper\">\n\n\t\t\t\t\t\t<div class=\"elementor-icon-box-icon\">\n\t\t\t\t<a href=\"tel:004920869020\" class=\"elementor-icon elementor-animation-grow\" tabindex=\"-1\" aria-label=\"+49 (0) 208 6902 0\">\n\t\t\t\t<i aria-hidden=\"true\" class=\"huge huge-telephone\"><\/i>\t\t\t\t<\/a>\n\t\t\t<\/div>\n\t\t\t\n\t\t\t\t\t\t<div class=\"elementor-icon-box-content\">\n\n\t\t\t\t\t\t\t\t\t<span class=\"elementor-icon-box-title\">\n\t\t\t\t\t\t<a href=\"tel:004920869020\" >\n\t\t\t\t\t\t\t+49 (0) 208 6902 0\t\t\t\t\t\t<\/a>\n\t\t\t\t\t<\/span>\n\t\t\t\t\n\t\t\t\t\n\t\t\t<\/div>\n\t\t\t\n\t\t<\/div>\n\t\t\t\t\t\t<\/div>\n\t\t\t\t<div class=\"elementor-element elementor-element-131358e elementor-position-inline-start elementor-mobile-position-inline-start elementor-view-default elementor-widget elementor-widget-icon-box\" data-id=\"131358e\" data-element_type=\"widget\" data-e-type=\"widget\" data-widget_type=\"icon-box.default\">\n\t\t\t\t\t\t\t<div class=\"elementor-icon-box-wrapper\">\n\n\t\t\t\t\t\t<div class=\"elementor-icon-box-icon\">\n\t\t\t\t<a href=\"mailto:info@parkhotel-oberhausen.de\" class=\"elementor-icon elementor-animation-grow\" tabindex=\"-1\" aria-label=\"info@parkhotel-oberhausen.de\">\n\t\t\t\t<i aria-hidden=\"true\" class=\"huge huge-mail-01\"><\/i>\t\t\t\t<\/a>\n\t\t\t<\/div>\n\t\t\t\n\t\t\t\t\t\t<div class=\"elementor-icon-box-content\">\n\n\t\t\t\t\t\t\t\t\t<span class=\"elementor-icon-box-title\">\n\t\t\t\t\t\t<a href=\"mailto:info@parkhotel-oberhausen.de\" >\n\t\t\t\t\t\t\tinfo@parkhotel-oberhausen.de\t\t\t\t\t\t<\/a>\n\t\t\t\t\t<\/span>\n\t\t\t\t\n\t\t\t\t\n\t\t\t<\/div>\n\t\t\t\n\t\t<\/div>\n\t\t\t\t\t\t<\/div>\n\t\t\t\t<\/div>\n\t\t<div class=\"elementor-element elementor-element-99279e4 e-con-full e-flex e-con e-child\" data-id=\"99279e4\" data-element_type=\"container\" data-e-type=\"container\">\n\t\t\t\t<\/div>\n\t\t\t\t\t<\/div>\n\t\t\t\t<\/div>\n\t\t\t\t<\/div>\n\t\t","protected":false},"excerpt":{"rendered":"<p>Restaurant Zur Bockm\u00fchle! Welcome to our company Delicious Our restaurant \u201cZur Bockm\u00fchle\u201d offers creative, fresh cuisine, with an extensive wine selection. We present a selection of contemporary seasonal delicacies. The banquet facilities invite up to 100 people. Current menucard asparagus menu 2026 Menus &amp; Buffets Opening times Monday &#8211; saturday 6.00 pm &#8211; 10.00 pm [&hellip;]<\/p>\n","protected":false},"author":1,"featured_media":0,"parent":1308,"menu_order":0,"comment_status":"closed","ping_status":"closed","template":"","meta":{"footnotes":""},"class_list":["post-1310","page","type-page","status-publish","hentry"],"yoast_head":"<!-- This site is optimized with the Yoast SEO Premium plugin v27.2 (Yoast SEO v27.2) - https:\/\/yoast.com\/product\/yoast-seo-premium-wordpress\/ -->\n<title>Restaurant zur Bockm\u00fchle | Parkhotel Oberhausen<\/title>\n<meta name=\"description\" content=\"Experience the variety at the Restaurant zur Bockm\u00fchle in the Parkhotel Oberhausen with a delicious selection of dishes and a beautiful ambiance.\" \/>\n<meta name=\"robots\" content=\"index, follow, max-snippet:-1, max-image-preview:large, max-video-preview:-1\" \/>\n<link rel=\"canonical\" href=\"https:\/\/parkhotel-oberhausen.de\/en\/restaurants\/restaurant-zur-bockmuehle\/\" \/>\n<meta property=\"og:locale\" content=\"en_US\" \/>\n<meta property=\"og:type\" content=\"article\" \/>\n<meta property=\"og:title\" content=\"Restaurant zur Bockm\u00fchle\" \/>\n<meta property=\"og:description\" content=\"Experience the variety at the Restaurant zur Bockm\u00fchle in the Parkhotel Oberhausen with a delicious selection of dishes and a beautiful ambiance.\" \/>\n<meta property=\"og:url\" content=\"https:\/\/parkhotel-oberhausen.de\/en\/restaurants\/restaurant-zur-bockmuehle\/\" \/>\n<meta property=\"og:site_name\" content=\"Parkhotel Oberhausen\" \/>\n<meta property=\"article:modified_time\" content=\"2026-03-27T08:24:22+00:00\" \/>\n<meta property=\"og:image\" content=\"https:\/\/parkhotel-oberhausen.de\/wp-content\/uploads\/parkhotel-oberhausen-gastronomie-02-1024x347.webp\" \/>\n<meta name=\"twitter:card\" content=\"summary_large_image\" \/>\n<script type=\"application\/ld+json\" class=\"yoast-schema-graph\">{\"@context\":\"https:\/\/schema.org\",\"@graph\":[{\"@type\":\"WebPage\",\"@id\":\"https:\/\/parkhotel-oberhausen.de\/en\/restaurants\/restaurant-zur-bockmuehle\/\",\"url\":\"https:\/\/parkhotel-oberhausen.de\/en\/restaurants\/restaurant-zur-bockmuehle\/\",\"name\":\"Restaurant zur Bockm\u00fchle | Parkhotel Oberhausen\",\"isPartOf\":{\"@id\":\"https:\/\/parkhotel-oberhausen.de\/en\/#website\"},\"primaryImageOfPage\":{\"@id\":\"https:\/\/parkhotel-oberhausen.de\/en\/restaurants\/restaurant-zur-bockmuehle\/#primaryimage\"},\"image\":{\"@id\":\"https:\/\/parkhotel-oberhausen.de\/en\/restaurants\/restaurant-zur-bockmuehle\/#primaryimage\"},\"thumbnailUrl\":\"https:\/\/parkhotel-oberhausen.de\/wp-content\/uploads\/parkhotel-oberhausen-gastronomie-02-1024x347.webp\",\"datePublished\":\"2025-06-10T12:01:42+00:00\",\"dateModified\":\"2026-03-27T08:24:22+00:00\",\"description\":\"Experience the variety at the Restaurant zur Bockm\u00fchle in the Parkhotel Oberhausen with a delicious selection of dishes and a beautiful ambiance.\",\"breadcrumb\":{\"@id\":\"https:\/\/parkhotel-oberhausen.de\/en\/restaurants\/restaurant-zur-bockmuehle\/#breadcrumb\"},\"inLanguage\":\"en-US\",\"potentialAction\":[{\"@type\":\"ReadAction\",\"target\":[\"https:\/\/parkhotel-oberhausen.de\/en\/restaurants\/restaurant-zur-bockmuehle\/\"]}]},{\"@type\":\"ImageObject\",\"inLanguage\":\"en-US\",\"@id\":\"https:\/\/parkhotel-oberhausen.de\/en\/restaurants\/restaurant-zur-bockmuehle\/#primaryimage\",\"url\":\"https:\/\/parkhotel-oberhausen.de\/wp-content\/uploads\/parkhotel-oberhausen-gastronomie-02-1024x347.webp\",\"contentUrl\":\"https:\/\/parkhotel-oberhausen.de\/wp-content\/uploads\/parkhotel-oberhausen-gastronomie-02-1024x347.webp\"},{\"@type\":\"BreadcrumbList\",\"@id\":\"https:\/\/parkhotel-oberhausen.de\/en\/restaurants\/restaurant-zur-bockmuehle\/#breadcrumb\",\"itemListElement\":[{\"@type\":\"ListItem\",\"position\":1,\"name\":\"Startseite\",\"item\":\"https:\/\/parkhotel-oberhausen.de\/en\/\"},{\"@type\":\"ListItem\",\"position\":2,\"name\":\"Restaurants\",\"item\":\"https:\/\/parkhotel-oberhausen.de\/en\/restaurants\/\"},{\"@type\":\"ListItem\",\"position\":3,\"name\":\"Restaurant zur Bockm\u00fchle\"}]},{\"@type\":\"WebSite\",\"@id\":\"https:\/\/parkhotel-oberhausen.de\/en\/#website\",\"url\":\"https:\/\/parkhotel-oberhausen.de\/en\/\",\"name\":\"Parkhotel Oberhausen\",\"description\":\"4 Sterne Superior Parkhotel | ab \u20ac 75\",\"publisher\":{\"@id\":\"https:\/\/parkhotel-oberhausen.de\/en\/#organization\"},\"potentialAction\":[{\"@type\":\"SearchAction\",\"target\":{\"@type\":\"EntryPoint\",\"urlTemplate\":\"https:\/\/parkhotel-oberhausen.de\/en\/?s={search_term_string}\"},\"query-input\":{\"@type\":\"PropertyValueSpecification\",\"valueRequired\":true,\"valueName\":\"search_term_string\"}}],\"inLanguage\":\"en-US\"},{\"@type\":\"Organization\",\"@id\":\"https:\/\/parkhotel-oberhausen.de\/en\/#organization\",\"name\":\"Parkhotel Oberhausen\",\"url\":\"https:\/\/parkhotel-oberhausen.de\/en\/\",\"logo\":{\"@type\":\"ImageObject\",\"inLanguage\":\"en-US\",\"@id\":\"https:\/\/parkhotel-oberhausen.de\/en\/#\/schema\/logo\/image\/\",\"url\":\"https:\/\/parkhotel-oberhausen.de\/wp-content\/uploads\/Logo-Parkhotel_4c.svg\",\"contentUrl\":\"https:\/\/parkhotel-oberhausen.de\/wp-content\/uploads\/Logo-Parkhotel_4c.svg\",\"width\":812,\"height\":484,\"caption\":\"Parkhotel Oberhausen\"},\"image\":{\"@id\":\"https:\/\/parkhotel-oberhausen.de\/en\/#\/schema\/logo\/image\/\"},\"description\":\"4 Sterne Superior Hotel in Oberhausen. 98 komfortabel eingerichtete Hotelzimmer, ein exclusives Restaurant, eine gem\u00fctliche Bierstuibe und ein Saunabereich bieten h\u00f6chsten Komfort.\",\"email\":\"info@parkhotel-oberhausen.de\",\"telephone\":\"0208 6902 0\",\"legalName\":\"Paul Wischermann KG\"}]}<\/script>\n<!-- \/ Yoast SEO Premium plugin. -->","yoast_head_json":{"title":"Restaurant zur Bockm\u00fchle | Parkhotel Oberhausen","description":"Experience the variety at the Restaurant zur Bockm\u00fchle in the Parkhotel Oberhausen with a delicious selection of dishes and a beautiful ambiance.","robots":{"index":"index","follow":"follow","max-snippet":"max-snippet:-1","max-image-preview":"max-image-preview:large","max-video-preview":"max-video-preview:-1"},"canonical":"https:\/\/parkhotel-oberhausen.de\/en\/restaurants\/restaurant-zur-bockmuehle\/","og_locale":"en_US","og_type":"article","og_title":"Restaurant zur Bockm\u00fchle","og_description":"Experience the variety at the Restaurant zur Bockm\u00fchle in the Parkhotel Oberhausen with a delicious selection of dishes and a beautiful ambiance.","og_url":"https:\/\/parkhotel-oberhausen.de\/en\/restaurants\/restaurant-zur-bockmuehle\/","og_site_name":"Parkhotel Oberhausen","article_modified_time":"2026-03-27T08:24:22+00:00","og_image":[{"url":"https:\/\/parkhotel-oberhausen.de\/wp-content\/uploads\/parkhotel-oberhausen-gastronomie-02-1024x347.webp","type":"","width":"","height":""}],"twitter_card":"summary_large_image","schema":{"@context":"https:\/\/schema.org","@graph":[{"@type":"WebPage","@id":"https:\/\/parkhotel-oberhausen.de\/en\/restaurants\/restaurant-zur-bockmuehle\/","url":"https:\/\/parkhotel-oberhausen.de\/en\/restaurants\/restaurant-zur-bockmuehle\/","name":"Restaurant zur Bockm\u00fchle | Parkhotel Oberhausen","isPartOf":{"@id":"https:\/\/parkhotel-oberhausen.de\/en\/#website"},"primaryImageOfPage":{"@id":"https:\/\/parkhotel-oberhausen.de\/en\/restaurants\/restaurant-zur-bockmuehle\/#primaryimage"},"image":{"@id":"https:\/\/parkhotel-oberhausen.de\/en\/restaurants\/restaurant-zur-bockmuehle\/#primaryimage"},"thumbnailUrl":"https:\/\/parkhotel-oberhausen.de\/wp-content\/uploads\/parkhotel-oberhausen-gastronomie-02-1024x347.webp","datePublished":"2025-06-10T12:01:42+00:00","dateModified":"2026-03-27T08:24:22+00:00","description":"Experience the variety at the Restaurant zur Bockm\u00fchle in the Parkhotel Oberhausen with a delicious selection of dishes and a beautiful ambiance.","breadcrumb":{"@id":"https:\/\/parkhotel-oberhausen.de\/en\/restaurants\/restaurant-zur-bockmuehle\/#breadcrumb"},"inLanguage":"en-US","potentialAction":[{"@type":"ReadAction","target":["https:\/\/parkhotel-oberhausen.de\/en\/restaurants\/restaurant-zur-bockmuehle\/"]}]},{"@type":"ImageObject","inLanguage":"en-US","@id":"https:\/\/parkhotel-oberhausen.de\/en\/restaurants\/restaurant-zur-bockmuehle\/#primaryimage","url":"https:\/\/parkhotel-oberhausen.de\/wp-content\/uploads\/parkhotel-oberhausen-gastronomie-02-1024x347.webp","contentUrl":"https:\/\/parkhotel-oberhausen.de\/wp-content\/uploads\/parkhotel-oberhausen-gastronomie-02-1024x347.webp"},{"@type":"BreadcrumbList","@id":"https:\/\/parkhotel-oberhausen.de\/en\/restaurants\/restaurant-zur-bockmuehle\/#breadcrumb","itemListElement":[{"@type":"ListItem","position":1,"name":"Startseite","item":"https:\/\/parkhotel-oberhausen.de\/en\/"},{"@type":"ListItem","position":2,"name":"Restaurants","item":"https:\/\/parkhotel-oberhausen.de\/en\/restaurants\/"},{"@type":"ListItem","position":3,"name":"Restaurant zur Bockm\u00fchle"}]},{"@type":"WebSite","@id":"https:\/\/parkhotel-oberhausen.de\/en\/#website","url":"https:\/\/parkhotel-oberhausen.de\/en\/","name":"Parkhotel Oberhausen","description":"4 Sterne Superior Parkhotel | ab \u20ac 75","publisher":{"@id":"https:\/\/parkhotel-oberhausen.de\/en\/#organization"},"potentialAction":[{"@type":"SearchAction","target":{"@type":"EntryPoint","urlTemplate":"https:\/\/parkhotel-oberhausen.de\/en\/?s={search_term_string}"},"query-input":{"@type":"PropertyValueSpecification","valueRequired":true,"valueName":"search_term_string"}}],"inLanguage":"en-US"},{"@type":"Organization","@id":"https:\/\/parkhotel-oberhausen.de\/en\/#organization","name":"Parkhotel Oberhausen","url":"https:\/\/parkhotel-oberhausen.de\/en\/","logo":{"@type":"ImageObject","inLanguage":"en-US","@id":"https:\/\/parkhotel-oberhausen.de\/en\/#\/schema\/logo\/image\/","url":"https:\/\/parkhotel-oberhausen.de\/wp-content\/uploads\/Logo-Parkhotel_4c.svg","contentUrl":"https:\/\/parkhotel-oberhausen.de\/wp-content\/uploads\/Logo-Parkhotel_4c.svg","width":812,"height":484,"caption":"Parkhotel Oberhausen"},"image":{"@id":"https:\/\/parkhotel-oberhausen.de\/en\/#\/schema\/logo\/image\/"},"description":"4 Sterne Superior Hotel in Oberhausen. 98 komfortabel eingerichtete Hotelzimmer, ein exclusives Restaurant, eine gem\u00fctliche Bierstuibe und ein Saunabereich bieten h\u00f6chsten Komfort.","email":"info@parkhotel-oberhausen.de","telephone":"0208 6902 0","legalName":"Paul Wischermann KG"}]}},"_links":{"self":[{"href":"https:\/\/parkhotel-oberhausen.de\/en\/wp-json\/wp\/v2\/pages\/1310","targetHints":{"allow":["GET"]}}],"collection":[{"href":"https:\/\/parkhotel-oberhausen.de\/en\/wp-json\/wp\/v2\/pages"}],"about":[{"href":"https:\/\/parkhotel-oberhausen.de\/en\/wp-json\/wp\/v2\/types\/page"}],"author":[{"embeddable":true,"href":"https:\/\/parkhotel-oberhausen.de\/en\/wp-json\/wp\/v2\/users\/1"}],"replies":[{"embeddable":true,"href":"https:\/\/parkhotel-oberhausen.de\/en\/wp-json\/wp\/v2\/comments?post=1310"}],"version-history":[{"count":9,"href":"https:\/\/parkhotel-oberhausen.de\/en\/wp-json\/wp\/v2\/pages\/1310\/revisions"}],"predecessor-version":[{"id":2489,"href":"https:\/\/parkhotel-oberhausen.de\/en\/wp-json\/wp\/v2\/pages\/1310\/revisions\/2489"}],"up":[{"embeddable":true,"href":"https:\/\/parkhotel-oberhausen.de\/en\/wp-json\/wp\/v2\/pages\/1308"}],"wp:attachment":[{"href":"https:\/\/parkhotel-oberhausen.de\/en\/wp-json\/wp\/v2\/media?parent=1310"}],"curies":[{"name":"wp","href":"https:\/\/api.w.org\/{rel}","templated":true}]}}